{"id":239627,"date":"2025-09-26T16:37:47","date_gmt":"2025-09-26T19:37:47","guid":{"rendered":"https:\/\/fordstaging.dexst.com.ar\/?page_id=239627"},"modified":"2025-10-22T10:02:13","modified_gmt":"2025-10-22T13:02:13","slug":"post-venta","status":"publish","type":"page","link":"https:\/\/fordstaging.dexst.com.ar\/?page_id=239627","title":{"rendered":"Posventa"},"content":{"rendered":"<p>\u00a1Con tu Ford ahorr\u00e1s y disfrut\u00e1s 5.000KM m\u00e1s! Realiz\u00e1 el mantenimiento programado de tu veh\u00edculo cada 15.000 KM (seg\u00fan lo definido en el manual). Record\u00e1 que el mantenimiento peri\u00f3dico de tu veh\u00edculo permite conservar sus condiciones \u00f3ptimas de funcionamiento y seguridad, as\u00ed como tambi\u00e9n prolongar su vida \u00fatil. Estas revisiones son de vital importancia, ya que el desgaste de las piezas son procesos graduales, por lo que, si se detecta una anomal\u00eda a tiempo, ayudar\u00e1 a reducir los costos de reparaci\u00f3n y a obtener mayores beneficios en cuanto a econom\u00eda y seguridad.<\/p>\n","protected":false},"excerpt":{"rendered":"<p>\u00a1Con tu Ford ahorr\u00e1s y disfrut\u00e1s 5.000KM m\u00e1s! Realiz\u00e1 el mantenimiento programado de tu veh\u00edculo cada 15.000 KM (seg\u00fan lo definido en el manual). Record\u00e1 que el mantenimiento peri\u00f3dico de tu veh\u00edculo permite conservar sus condiciones \u00f3ptimas de funcionamiento y seguridad, as\u00ed como tambi\u00e9n prolongar su vida \u00fatil. Estas revisiones son de vital importancia, ya [&hellip;]<\/p>\n","protected":false},"author":7,"featured_media":0,"parent":0,"menu_order":0,"comment_status":"closed","ping_status":"closed","template":"template-postventa.php","meta":{"_joinchat":[],"footnotes":""},"class_list":["post-239627","page","type-page","status-publish","hentry"],"yoast_head":"<!-- This site is optimized with the Yoast SEO plugin v27.3 - https:\/\/yoast.com\/product\/yoast-seo-wordpress\/ -->\n<title>Posventa - Ford Robayna<\/title>\n<meta name=\"robots\" content=\"index, follow, max-snippet:-1, max-image-preview:large, max-video-preview:-1\" \/>\n<link rel=\"canonical\" href=\"https:\/\/fordstaging.dexst.com.ar\/?page_id=239627\" \/>\n<meta property=\"og:locale\" content=\"es_ES\" \/>\n<meta property=\"og:type\" content=\"article\" \/>\n<meta property=\"og:title\" content=\"Posventa - Ford Robayna\" \/>\n<meta property=\"og:description\" content=\"\u00a1Con tu Ford ahorr\u00e1s y disfrut\u00e1s 5.000KM m\u00e1s! Realiz\u00e1 el mantenimiento programado de tu veh\u00edculo cada 15.000 KM (seg\u00fan lo definido en el manual). Record\u00e1 que el mantenimiento peri\u00f3dico de tu veh\u00edculo permite conservar sus condiciones \u00f3ptimas de funcionamiento y seguridad, as\u00ed como tambi\u00e9n prolongar su vida \u00fatil. Estas revisiones son de vital importancia, ya [&hellip;]\" \/>\n<meta property=\"og:url\" content=\"https:\/\/fordstaging.dexst.com.ar\/?page_id=239627\" \/>\n<meta property=\"og:site_name\" content=\"Ford Robayna\" \/>\n<meta property=\"article:publisher\" content=\"https:\/\/www.facebook.com\/jclorenzoford\/\" \/>\n<meta property=\"article:modified_time\" content=\"2025-10-22T13:02:13+00:00\" \/>\n<meta name=\"twitter:card\" content=\"summary_large_image\" \/>\n<meta name=\"twitter:label1\" content=\"Tiempo de lectura\" \/>\n\t<meta name=\"twitter:data1\" content=\"1 minuto\" \/>\n<script type=\"application\/ld+json\" class=\"yoast-schema-graph\">{\"@context\":\"https:\\\/\\\/schema.org\",\"@graph\":[{\"@type\":\"WebPage\",\"@id\":\"https:\\\/\\\/fordstaging.dexst.com.ar\\\/?page_id=239627\",\"url\":\"https:\\\/\\\/fordstaging.dexst.com.ar\\\/?page_id=239627\",\"name\":\"Posventa - Ford Robayna\",\"isPartOf\":{\"@id\":\"https:\\\/\\\/fordstaging.dexst.com.ar\\\/#website\"},\"datePublished\":\"2025-09-26T19:37:47+00:00\",\"dateModified\":\"2025-10-22T13:02:13+00:00\",\"breadcrumb\":{\"@id\":\"https:\\\/\\\/fordstaging.dexst.com.ar\\\/?page_id=239627#breadcrumb\"},\"inLanguage\":\"es-AR\",\"potentialAction\":[{\"@type\":\"ReadAction\",\"target\":[\"https:\\\/\\\/fordstaging.dexst.com.ar\\\/?page_id=239627\"]}]},{\"@type\":\"BreadcrumbList\",\"@id\":\"https:\\\/\\\/fordstaging.dexst.com.ar\\\/?page_id=239627#breadcrumb\",\"itemListElement\":[{\"@type\":\"ListItem\",\"position\":1,\"name\":\"Inicio\",\"item\":\"https:\\\/\\\/fordstaging.dexst.com.ar\\\/\"},{\"@type\":\"ListItem\",\"position\":2,\"name\":\"Posventa\"}]},{\"@type\":\"WebSite\",\"@id\":\"https:\\\/\\\/fordstaging.dexst.com.ar\\\/#website\",\"url\":\"https:\\\/\\\/fordstaging.dexst.com.ar\\\/\",\"name\":\"Ford Robayna\",\"description\":\"Concesionario oficial Ford\",\"publisher\":{\"@id\":\"https:\\\/\\\/fordstaging.dexst.com.ar\\\/#organization\"},\"potentialAction\":[{\"@type\":\"SearchAction\",\"target\":{\"@type\":\"EntryPoint\",\"urlTemplate\":\"https:\\\/\\\/fordstaging.dexst.com.ar\\\/?s={search_term_string}\"},\"query-input\":{\"@type\":\"PropertyValueSpecification\",\"valueRequired\":true,\"valueName\":\"search_term_string\"}}],\"inLanguage\":\"es-AR\"},{\"@type\":\"Organization\",\"@id\":\"https:\\\/\\\/fordstaging.dexst.com.ar\\\/#organization\",\"name\":\"Ford Robayna\",\"url\":\"https:\\\/\\\/fordstaging.dexst.com.ar\\\/\",\"logo\":{\"@type\":\"ImageObject\",\"inLanguage\":\"es-AR\",\"@id\":\"https:\\\/\\\/fordstaging.dexst.com.ar\\\/#\\\/schema\\\/logo\\\/image\\\/\",\"url\":\"https:\\\/\\\/fordstaging.dexst.com.ar\\\/wp-content\\\/uploads\\\/2024\\\/06\\\/Sin-titulo-1-Angela-Cortes-4.png\",\"contentUrl\":\"https:\\\/\\\/fordstaging.dexst.com.ar\\\/wp-content\\\/uploads\\\/2024\\\/06\\\/Sin-titulo-1-Angela-Cortes-4.png\",\"width\":1000,\"height\":300,\"caption\":\"Ford Robayna\"},\"image\":{\"@id\":\"https:\\\/\\\/fordstaging.dexst.com.ar\\\/#\\\/schema\\\/logo\\\/image\\\/\"},\"sameAs\":[\"https:\\\/\\\/www.facebook.com\\\/jclorenzoford\\\/\",\"https:\\\/\\\/www.instagram.com\\\/jclorenzoford\\\/\"]}]}<\/script>\n<!-- \/ Yoast SEO plugin. -->","yoast_head_json":{"title":"Posventa - Ford Robayna","robots":{"index":"index","follow":"follow","max-snippet":"max-snippet:-1","max-image-preview":"max-image-preview:large","max-video-preview":"max-video-preview:-1"},"canonical":"https:\/\/fordstaging.dexst.com.ar\/?page_id=239627","og_locale":"es_ES","og_type":"article","og_title":"Posventa - Ford Robayna","og_description":"\u00a1Con tu Ford ahorr\u00e1s y disfrut\u00e1s 5.000KM m\u00e1s! Realiz\u00e1 el mantenimiento programado de tu veh\u00edculo cada 15.000 KM (seg\u00fan lo definido en el manual). Record\u00e1 que el mantenimiento peri\u00f3dico de tu veh\u00edculo permite conservar sus condiciones \u00f3ptimas de funcionamiento y seguridad, as\u00ed como tambi\u00e9n prolongar su vida \u00fatil. Estas revisiones son de vital importancia, ya [&hellip;]","og_url":"https:\/\/fordstaging.dexst.com.ar\/?page_id=239627","og_site_name":"Ford Robayna","article_publisher":"https:\/\/www.facebook.com\/jclorenzoford\/","article_modified_time":"2025-10-22T13:02:13+00:00","twitter_card":"summary_large_image","twitter_misc":{"Tiempo de lectura":"1 minuto"},"schema":{"@context":"https:\/\/schema.org","@graph":[{"@type":"WebPage","@id":"https:\/\/fordstaging.dexst.com.ar\/?page_id=239627","url":"https:\/\/fordstaging.dexst.com.ar\/?page_id=239627","name":"Posventa - Ford Robayna","isPartOf":{"@id":"https:\/\/fordstaging.dexst.com.ar\/#website"},"datePublished":"2025-09-26T19:37:47+00:00","dateModified":"2025-10-22T13:02:13+00:00","breadcrumb":{"@id":"https:\/\/fordstaging.dexst.com.ar\/?page_id=239627#breadcrumb"},"inLanguage":"es-AR","potentialAction":[{"@type":"ReadAction","target":["https:\/\/fordstaging.dexst.com.ar\/?page_id=239627"]}]},{"@type":"BreadcrumbList","@id":"https:\/\/fordstaging.dexst.com.ar\/?page_id=239627#breadcrumb","itemListElement":[{"@type":"ListItem","position":1,"name":"Inicio","item":"https:\/\/fordstaging.dexst.com.ar\/"},{"@type":"ListItem","position":2,"name":"Posventa"}]},{"@type":"WebSite","@id":"https:\/\/fordstaging.dexst.com.ar\/#website","url":"https:\/\/fordstaging.dexst.com.ar\/","name":"Ford Robayna","description":"Concesionario oficial Ford","publisher":{"@id":"https:\/\/fordstaging.dexst.com.ar\/#organization"},"potentialAction":[{"@type":"SearchAction","target":{"@type":"EntryPoint","urlTemplate":"https:\/\/fordstaging.dexst.com.ar\/?s={search_term_string}"},"query-input":{"@type":"PropertyValueSpecification","valueRequired":true,"valueName":"search_term_string"}}],"inLanguage":"es-AR"},{"@type":"Organization","@id":"https:\/\/fordstaging.dexst.com.ar\/#organization","name":"Ford Robayna","url":"https:\/\/fordstaging.dexst.com.ar\/","logo":{"@type":"ImageObject","inLanguage":"es-AR","@id":"https:\/\/fordstaging.dexst.com.ar\/#\/schema\/logo\/image\/","url":"https:\/\/fordstaging.dexst.com.ar\/wp-content\/uploads\/2024\/06\/Sin-titulo-1-Angela-Cortes-4.png","contentUrl":"https:\/\/fordstaging.dexst.com.ar\/wp-content\/uploads\/2024\/06\/Sin-titulo-1-Angela-Cortes-4.png","width":1000,"height":300,"caption":"Ford Robayna"},"image":{"@id":"https:\/\/fordstaging.dexst.com.ar\/#\/schema\/logo\/image\/"},"sameAs":["https:\/\/www.facebook.com\/jclorenzoford\/","https:\/\/www.instagram.com\/jclorenzoford\/"]}]}},"_links":{"self":[{"href":"https:\/\/fordstaging.dexst.com.ar\/index.php?rest_route=\/wp\/v2\/pages\/239627","targetHints":{"allow":["GET"]}}],"collection":[{"href":"https:\/\/fordstaging.dexst.com.ar\/index.php?rest_route=\/wp\/v2\/pages"}],"about":[{"href":"https:\/\/fordstaging.dexst.com.ar\/index.php?rest_route=\/wp\/v2\/types\/page"}],"author":[{"embeddable":true,"href":"https:\/\/fordstaging.dexst.com.ar\/index.php?rest_route=\/wp\/v2\/users\/7"}],"replies":[{"embeddable":true,"href":"https:\/\/fordstaging.dexst.com.ar\/index.php?rest_route=%2Fwp%2Fv2%2Fcomments&post=239627"}],"version-history":[{"count":5,"href":"https:\/\/fordstaging.dexst.com.ar\/index.php?rest_route=\/wp\/v2\/pages\/239627\/revisions"}],"predecessor-version":[{"id":284562,"href":"https:\/\/fordstaging.dexst.com.ar\/index.php?rest_route=\/wp\/v2\/pages\/239627\/revisions\/284562"}],"wp:attachment":[{"href":"https:\/\/fordstaging.dexst.com.ar\/index.php?rest_route=%2Fwp%2Fv2%2Fmedia&parent=239627"}],"curies":[{"name":"wp","href":"https:\/\/api.w.org\/{rel}","templated":true}]}}