{"id":1994,"date":"2022-11-10T16:44:40","date_gmt":"2022-11-10T19:44:40","guid":{"rendered":"https:\/\/fordstaging.dexst.com.ar\/?page_id=1994"},"modified":"2025-11-06T15:42:51","modified_gmt":"2025-11-06T18:42:51","slug":"ford-protect","status":"publish","type":"page","link":"https:\/\/fordstaging.dexst.com.ar\/?page_id=1994","title":{"rendered":"Ford Protect"},"content":{"rendered":"<h2 style=\"margin-block: 2rem;\">Garant\u00eda extendida para tu veh\u00edculo<\/h2>\n<p>Cont\u00e1 con la tranquilidad de extender la garant\u00eda de tu Ford hasta el quinto a\u00f1o desde la compra, sin l\u00edmite de kilometraje. Este servicio incluye Ford Assistance Plus: asistencia integral en ruta disponible las 24 hs, los 365 d\u00edas del a\u00f1o, asistencia t\u00e9cnica especializada, repuestos originales Ford y cobertura en todo el pa\u00eds.<\/p>\n<p>Ford Protect est\u00e1 dise\u00f1ado exclusivamente para veh\u00edculos en per\u00edodo de garant\u00eda y se adquiere en concesionarios oficiales Ford.<\/p>\n","protected":false},"excerpt":{"rendered":"<p>Garant\u00eda extendida para tu veh\u00edculo Cont\u00e1 con la tranquilidad de extender la garant\u00eda de tu Ford hasta el quinto a\u00f1o desde la compra, sin l\u00edmite de kilometraje. Este servicio incluye Ford Assistance Plus: asistencia integral en ruta disponible las 24 hs, los 365 d\u00edas del a\u00f1o, asistencia t\u00e9cnica especializada, repuestos originales Ford y cobertura en [&hellip;]<\/p>\n","protected":false},"author":5,"featured_media":0,"parent":0,"menu_order":0,"comment_status":"closed","ping_status":"closed","template":"template-protect.php","meta":{"_joinchat":[],"footnotes":""},"class_list":["post-1994","page","type-page","status-publish","hentry"],"yoast_head":"<!-- This site is optimized with the Yoast SEO plugin v27.3 - https:\/\/yoast.com\/product\/yoast-seo-wordpress\/ -->\n<title>Ford Protect - Ford Robayna<\/title>\n<meta name=\"robots\" content=\"index, follow, max-snippet:-1, max-image-preview:large, max-video-preview:-1\" \/>\n<link rel=\"canonical\" href=\"https:\/\/fordstaging.dexst.com.ar\/?page_id=1994\" \/>\n<meta property=\"og:locale\" content=\"es_ES\" \/>\n<meta property=\"og:type\" content=\"article\" \/>\n<meta property=\"og:title\" content=\"Ford Protect - Ford Robayna\" \/>\n<meta property=\"og:description\" content=\"Garant\u00eda extendida para tu veh\u00edculo Cont\u00e1 con la tranquilidad de extender la garant\u00eda de tu Ford hasta el quinto a\u00f1o desde la compra, sin l\u00edmite de kilometraje. Este servicio incluye Ford Assistance Plus: asistencia integral en ruta disponible las 24 hs, los 365 d\u00edas del a\u00f1o, asistencia t\u00e9cnica especializada, repuestos originales Ford y cobertura en [&hellip;]\" \/>\n<meta property=\"og:url\" content=\"https:\/\/fordstaging.dexst.com.ar\/?page_id=1994\" \/>\n<meta property=\"og:site_name\" content=\"Ford Robayna\" \/>\n<meta property=\"article:publisher\" content=\"https:\/\/www.facebook.com\/jclorenzoford\/\" \/>\n<meta property=\"article:modified_time\" content=\"2025-11-06T18:42:51+00:00\" \/>\n<meta name=\"twitter:card\" content=\"summary_large_image\" \/>\n<meta name=\"twitter:label1\" content=\"Tiempo de lectura\" \/>\n\t<meta name=\"twitter:data1\" content=\"1 minuto\" \/>\n<script type=\"application\/ld+json\" class=\"yoast-schema-graph\">{\"@context\":\"https:\\\/\\\/schema.org\",\"@graph\":[{\"@type\":\"WebPage\",\"@id\":\"https:\\\/\\\/fordstaging.dexst.com.ar\\\/?page_id=1994\",\"url\":\"https:\\\/\\\/fordstaging.dexst.com.ar\\\/?page_id=1994\",\"name\":\"Ford Protect - Ford Robayna\",\"isPartOf\":{\"@id\":\"https:\\\/\\\/fordstaging.dexst.com.ar\\\/#website\"},\"datePublished\":\"2022-11-10T19:44:40+00:00\",\"dateModified\":\"2025-11-06T18:42:51+00:00\",\"breadcrumb\":{\"@id\":\"https:\\\/\\\/fordstaging.dexst.com.ar\\\/?page_id=1994#breadcrumb\"},\"inLanguage\":\"es-AR\",\"potentialAction\":[{\"@type\":\"ReadAction\",\"target\":[\"https:\\\/\\\/fordstaging.dexst.com.ar\\\/?page_id=1994\"]}]},{\"@type\":\"BreadcrumbList\",\"@id\":\"https:\\\/\\\/fordstaging.dexst.com.ar\\\/?page_id=1994#breadcrumb\",\"itemListElement\":[{\"@type\":\"ListItem\",\"position\":1,\"name\":\"Inicio\",\"item\":\"https:\\\/\\\/fordstaging.dexst.com.ar\\\/\"},{\"@type\":\"ListItem\",\"position\":2,\"name\":\"Ford Protect\"}]},{\"@type\":\"WebSite\",\"@id\":\"https:\\\/\\\/fordstaging.dexst.com.ar\\\/#website\",\"url\":\"https:\\\/\\\/fordstaging.dexst.com.ar\\\/\",\"name\":\"Ford Robayna\",\"description\":\"Concesionario oficial Ford\",\"publisher\":{\"@id\":\"https:\\\/\\\/fordstaging.dexst.com.ar\\\/#organization\"},\"potentialAction\":[{\"@type\":\"SearchAction\",\"target\":{\"@type\":\"EntryPoint\",\"urlTemplate\":\"https:\\\/\\\/fordstaging.dexst.com.ar\\\/?s={search_term_string}\"},\"query-input\":{\"@type\":\"PropertyValueSpecification\",\"valueRequired\":true,\"valueName\":\"search_term_string\"}}],\"inLanguage\":\"es-AR\"},{\"@type\":\"Organization\",\"@id\":\"https:\\\/\\\/fordstaging.dexst.com.ar\\\/#organization\",\"name\":\"Ford Robayna\",\"url\":\"https:\\\/\\\/fordstaging.dexst.com.ar\\\/\",\"logo\":{\"@type\":\"ImageObject\",\"inLanguage\":\"es-AR\",\"@id\":\"https:\\\/\\\/fordstaging.dexst.com.ar\\\/#\\\/schema\\\/logo\\\/image\\\/\",\"url\":\"https:\\\/\\\/fordstaging.dexst.com.ar\\\/wp-content\\\/uploads\\\/2024\\\/06\\\/Sin-titulo-1-Angela-Cortes-4.png\",\"contentUrl\":\"https:\\\/\\\/fordstaging.dexst.com.ar\\\/wp-content\\\/uploads\\\/2024\\\/06\\\/Sin-titulo-1-Angela-Cortes-4.png\",\"width\":1000,\"height\":300,\"caption\":\"Ford Robayna\"},\"image\":{\"@id\":\"https:\\\/\\\/fordstaging.dexst.com.ar\\\/#\\\/schema\\\/logo\\\/image\\\/\"},\"sameAs\":[\"https:\\\/\\\/www.facebook.com\\\/jclorenzoford\\\/\",\"https:\\\/\\\/www.instagram.com\\\/jclorenzoford\\\/\"]}]}<\/script>\n<!-- \/ Yoast SEO plugin. -->","yoast_head_json":{"title":"Ford Protect - Ford Robayna","robots":{"index":"index","follow":"follow","max-snippet":"max-snippet:-1","max-image-preview":"max-image-preview:large","max-video-preview":"max-video-preview:-1"},"canonical":"https:\/\/fordstaging.dexst.com.ar\/?page_id=1994","og_locale":"es_ES","og_type":"article","og_title":"Ford Protect - Ford Robayna","og_description":"Garant\u00eda extendida para tu veh\u00edculo Cont\u00e1 con la tranquilidad de extender la garant\u00eda de tu Ford hasta el quinto a\u00f1o desde la compra, sin l\u00edmite de kilometraje. Este servicio incluye Ford Assistance Plus: asistencia integral en ruta disponible las 24 hs, los 365 d\u00edas del a\u00f1o, asistencia t\u00e9cnica especializada, repuestos originales Ford y cobertura en [&hellip;]","og_url":"https:\/\/fordstaging.dexst.com.ar\/?page_id=1994","og_site_name":"Ford Robayna","article_publisher":"https:\/\/www.facebook.com\/jclorenzoford\/","article_modified_time":"2025-11-06T18:42:51+00:00","twitter_card":"summary_large_image","twitter_misc":{"Tiempo de lectura":"1 minuto"},"schema":{"@context":"https:\/\/schema.org","@graph":[{"@type":"WebPage","@id":"https:\/\/fordstaging.dexst.com.ar\/?page_id=1994","url":"https:\/\/fordstaging.dexst.com.ar\/?page_id=1994","name":"Ford Protect - Ford Robayna","isPartOf":{"@id":"https:\/\/fordstaging.dexst.com.ar\/#website"},"datePublished":"2022-11-10T19:44:40+00:00","dateModified":"2025-11-06T18:42:51+00:00","breadcrumb":{"@id":"https:\/\/fordstaging.dexst.com.ar\/?page_id=1994#breadcrumb"},"inLanguage":"es-AR","potentialAction":[{"@type":"ReadAction","target":["https:\/\/fordstaging.dexst.com.ar\/?page_id=1994"]}]},{"@type":"BreadcrumbList","@id":"https:\/\/fordstaging.dexst.com.ar\/?page_id=1994#breadcrumb","itemListElement":[{"@type":"ListItem","position":1,"name":"Inicio","item":"https:\/\/fordstaging.dexst.com.ar\/"},{"@type":"ListItem","position":2,"name":"Ford Protect"}]},{"@type":"WebSite","@id":"https:\/\/fordstaging.dexst.com.ar\/#website","url":"https:\/\/fordstaging.dexst.com.ar\/","name":"Ford Robayna","description":"Concesionario oficial Ford","publisher":{"@id":"https:\/\/fordstaging.dexst.com.ar\/#organization"},"potentialAction":[{"@type":"SearchAction","target":{"@type":"EntryPoint","urlTemplate":"https:\/\/fordstaging.dexst.com.ar\/?s={search_term_string}"},"query-input":{"@type":"PropertyValueSpecification","valueRequired":true,"valueName":"search_term_string"}}],"inLanguage":"es-AR"},{"@type":"Organization","@id":"https:\/\/fordstaging.dexst.com.ar\/#organization","name":"Ford Robayna","url":"https:\/\/fordstaging.dexst.com.ar\/","logo":{"@type":"ImageObject","inLanguage":"es-AR","@id":"https:\/\/fordstaging.dexst.com.ar\/#\/schema\/logo\/image\/","url":"https:\/\/fordstaging.dexst.com.ar\/wp-content\/uploads\/2024\/06\/Sin-titulo-1-Angela-Cortes-4.png","contentUrl":"https:\/\/fordstaging.dexst.com.ar\/wp-content\/uploads\/2024\/06\/Sin-titulo-1-Angela-Cortes-4.png","width":1000,"height":300,"caption":"Ford Robayna"},"image":{"@id":"https:\/\/fordstaging.dexst.com.ar\/#\/schema\/logo\/image\/"},"sameAs":["https:\/\/www.facebook.com\/jclorenzoford\/","https:\/\/www.instagram.com\/jclorenzoford\/"]}]}},"_links":{"self":[{"href":"https:\/\/fordstaging.dexst.com.ar\/index.php?rest_route=\/wp\/v2\/pages\/1994","targetHints":{"allow":["GET"]}}],"collection":[{"href":"https:\/\/fordstaging.dexst.com.ar\/index.php?rest_route=\/wp\/v2\/pages"}],"about":[{"href":"https:\/\/fordstaging.dexst.com.ar\/index.php?rest_route=\/wp\/v2\/types\/page"}],"author":[{"embeddable":true,"href":"https:\/\/fordstaging.dexst.com.ar\/index.php?rest_route=\/wp\/v2\/users\/5"}],"replies":[{"embeddable":true,"href":"https:\/\/fordstaging.dexst.com.ar\/index.php?rest_route=%2Fwp%2Fv2%2Fcomments&post=1994"}],"version-history":[{"count":8,"href":"https:\/\/fordstaging.dexst.com.ar\/index.php?rest_route=\/wp\/v2\/pages\/1994\/revisions"}],"predecessor-version":[{"id":315585,"href":"https:\/\/fordstaging.dexst.com.ar\/index.php?rest_route=\/wp\/v2\/pages\/1994\/revisions\/315585"}],"wp:attachment":[{"href":"https:\/\/fordstaging.dexst.com.ar\/index.php?rest_route=%2Fwp%2Fv2%2Fmedia&parent=1994"}],"curies":[{"name":"wp","href":"https:\/\/api.w.org\/{rel}","templated":true}]}}