{"id":1986,"date":"2022-11-09T17:47:10","date_gmt":"2022-11-09T20:47:10","guid":{"rendered":"https:\/\/fordstaging.dexst.com.ar\/?page_id=1986"},"modified":"2025-11-07T19:28:39","modified_gmt":"2025-11-07T22:28:39","slug":"ford-pass","status":"publish","type":"page","link":"https:\/\/fordstaging.dexst.com.ar\/?page_id=1986","title":{"rendered":"Ford Pass"},"content":{"rendered":"<h2 class=\"my-5\">\u00a1Llev\u00e1 tu veh\u00edculo al siguiente nivel con la app Ford!<\/h2>\n<p class=\"mt-3\">Imaginate controlar tu Ford desde la palma de tu mano: encenderlo a distancia, destrabar las puertas, ver su ubicaci\u00f3n en tiempo real, recibir alertas importantes y mucho m\u00e1s.<\/p>\n<p>Con la app Ford vas a descubrir una nueva forma de vincularte con tu veh\u00edculo accediendo a funciones inteligentes, informaci\u00f3n clave sobre tu Ford, beneficios \u00fanicos y la comodidad de gestionar todo desde tu dispositivo m\u00f3vil.<\/p>\n<h2 class=\"my-5\">Descubr\u00ed un mundo de posibilidades<\/h2>\n","protected":false},"excerpt":{"rendered":"<p>\u00a1Llev\u00e1 tu veh\u00edculo al siguiente nivel con la app Ford! Imaginate controlar tu Ford desde la palma de tu mano: encenderlo a distancia, destrabar las puertas, ver su ubicaci\u00f3n en tiempo real, recibir alertas importantes y mucho m\u00e1s. Con la app Ford vas a descubrir una nueva forma de vincularte con tu veh\u00edculo accediendo a [&hellip;]<\/p>\n","protected":false},"author":5,"featured_media":0,"parent":0,"menu_order":0,"comment_status":"closed","ping_status":"closed","template":"template-pass.php","meta":{"_joinchat":[],"footnotes":""},"class_list":["post-1986","page","type-page","status-publish","hentry"],"yoast_head":"<!-- This site is optimized with the Yoast SEO plugin v27.3 - https:\/\/yoast.com\/product\/yoast-seo-wordpress\/ -->\n<title>Ford Pass - Ford Robayna<\/title>\n<meta name=\"robots\" content=\"index, follow, max-snippet:-1, max-image-preview:large, max-video-preview:-1\" \/>\n<link rel=\"canonical\" href=\"https:\/\/fordstaging.dexst.com.ar\/?page_id=1986\" \/>\n<meta property=\"og:locale\" content=\"es_ES\" \/>\n<meta property=\"og:type\" content=\"article\" \/>\n<meta property=\"og:title\" content=\"Ford Pass - Ford Robayna\" \/>\n<meta property=\"og:description\" content=\"\u00a1Llev\u00e1 tu veh\u00edculo al siguiente nivel con la app Ford! Imaginate controlar tu Ford desde la palma de tu mano: encenderlo a distancia, destrabar las puertas, ver su ubicaci\u00f3n en tiempo real, recibir alertas importantes y mucho m\u00e1s. Con la app Ford vas a descubrir una nueva forma de vincularte con tu veh\u00edculo accediendo a [&hellip;]\" \/>\n<meta property=\"og:url\" content=\"https:\/\/fordstaging.dexst.com.ar\/?page_id=1986\" \/>\n<meta property=\"og:site_name\" content=\"Ford Robayna\" \/>\n<meta property=\"article:publisher\" content=\"https:\/\/www.facebook.com\/jclorenzoford\/\" \/>\n<meta property=\"article:modified_time\" content=\"2025-11-07T22:28:39+00:00\" \/>\n<meta name=\"twitter:card\" content=\"summary_large_image\" \/>\n<meta name=\"twitter:label1\" content=\"Tiempo de lectura\" \/>\n\t<meta name=\"twitter:data1\" content=\"1 minuto\" \/>\n<script type=\"application\/ld+json\" class=\"yoast-schema-graph\">{\"@context\":\"https:\\\/\\\/schema.org\",\"@graph\":[{\"@type\":\"WebPage\",\"@id\":\"https:\\\/\\\/fordstaging.dexst.com.ar\\\/?page_id=1986\",\"url\":\"https:\\\/\\\/fordstaging.dexst.com.ar\\\/?page_id=1986\",\"name\":\"Ford Pass - Ford Robayna\",\"isPartOf\":{\"@id\":\"https:\\\/\\\/fordstaging.dexst.com.ar\\\/#website\"},\"datePublished\":\"2022-11-09T20:47:10+00:00\",\"dateModified\":\"2025-11-07T22:28:39+00:00\",\"breadcrumb\":{\"@id\":\"https:\\\/\\\/fordstaging.dexst.com.ar\\\/?page_id=1986#breadcrumb\"},\"inLanguage\":\"es-AR\",\"potentialAction\":[{\"@type\":\"ReadAction\",\"target\":[\"https:\\\/\\\/fordstaging.dexst.com.ar\\\/?page_id=1986\"]}]},{\"@type\":\"BreadcrumbList\",\"@id\":\"https:\\\/\\\/fordstaging.dexst.com.ar\\\/?page_id=1986#breadcrumb\",\"itemListElement\":[{\"@type\":\"ListItem\",\"position\":1,\"name\":\"Inicio\",\"item\":\"https:\\\/\\\/fordstaging.dexst.com.ar\\\/\"},{\"@type\":\"ListItem\",\"position\":2,\"name\":\"Ford Pass\"}]},{\"@type\":\"WebSite\",\"@id\":\"https:\\\/\\\/fordstaging.dexst.com.ar\\\/#website\",\"url\":\"https:\\\/\\\/fordstaging.dexst.com.ar\\\/\",\"name\":\"Ford Robayna\",\"description\":\"Concesionario oficial Ford\",\"publisher\":{\"@id\":\"https:\\\/\\\/fordstaging.dexst.com.ar\\\/#organization\"},\"potentialAction\":[{\"@type\":\"SearchAction\",\"target\":{\"@type\":\"EntryPoint\",\"urlTemplate\":\"https:\\\/\\\/fordstaging.dexst.com.ar\\\/?s={search_term_string}\"},\"query-input\":{\"@type\":\"PropertyValueSpecification\",\"valueRequired\":true,\"valueName\":\"search_term_string\"}}],\"inLanguage\":\"es-AR\"},{\"@type\":\"Organization\",\"@id\":\"https:\\\/\\\/fordstaging.dexst.com.ar\\\/#organization\",\"name\":\"Ford Robayna\",\"url\":\"https:\\\/\\\/fordstaging.dexst.com.ar\\\/\",\"logo\":{\"@type\":\"ImageObject\",\"inLanguage\":\"es-AR\",\"@id\":\"https:\\\/\\\/fordstaging.dexst.com.ar\\\/#\\\/schema\\\/logo\\\/image\\\/\",\"url\":\"https:\\\/\\\/fordstaging.dexst.com.ar\\\/wp-content\\\/uploads\\\/2024\\\/06\\\/Sin-titulo-1-Angela-Cortes-4.png\",\"contentUrl\":\"https:\\\/\\\/fordstaging.dexst.com.ar\\\/wp-content\\\/uploads\\\/2024\\\/06\\\/Sin-titulo-1-Angela-Cortes-4.png\",\"width\":1000,\"height\":300,\"caption\":\"Ford Robayna\"},\"image\":{\"@id\":\"https:\\\/\\\/fordstaging.dexst.com.ar\\\/#\\\/schema\\\/logo\\\/image\\\/\"},\"sameAs\":[\"https:\\\/\\\/www.facebook.com\\\/jclorenzoford\\\/\",\"https:\\\/\\\/www.instagram.com\\\/jclorenzoford\\\/\"]}]}<\/script>\n<!-- \/ Yoast SEO plugin. -->","yoast_head_json":{"title":"Ford Pass - Ford Robayna","robots":{"index":"index","follow":"follow","max-snippet":"max-snippet:-1","max-image-preview":"max-image-preview:large","max-video-preview":"max-video-preview:-1"},"canonical":"https:\/\/fordstaging.dexst.com.ar\/?page_id=1986","og_locale":"es_ES","og_type":"article","og_title":"Ford Pass - Ford Robayna","og_description":"\u00a1Llev\u00e1 tu veh\u00edculo al siguiente nivel con la app Ford! Imaginate controlar tu Ford desde la palma de tu mano: encenderlo a distancia, destrabar las puertas, ver su ubicaci\u00f3n en tiempo real, recibir alertas importantes y mucho m\u00e1s. Con la app Ford vas a descubrir una nueva forma de vincularte con tu veh\u00edculo accediendo a [&hellip;]","og_url":"https:\/\/fordstaging.dexst.com.ar\/?page_id=1986","og_site_name":"Ford Robayna","article_publisher":"https:\/\/www.facebook.com\/jclorenzoford\/","article_modified_time":"2025-11-07T22:28:39+00:00","twitter_card":"summary_large_image","twitter_misc":{"Tiempo de lectura":"1 minuto"},"schema":{"@context":"https:\/\/schema.org","@graph":[{"@type":"WebPage","@id":"https:\/\/fordstaging.dexst.com.ar\/?page_id=1986","url":"https:\/\/fordstaging.dexst.com.ar\/?page_id=1986","name":"Ford Pass - Ford Robayna","isPartOf":{"@id":"https:\/\/fordstaging.dexst.com.ar\/#website"},"datePublished":"2022-11-09T20:47:10+00:00","dateModified":"2025-11-07T22:28:39+00:00","breadcrumb":{"@id":"https:\/\/fordstaging.dexst.com.ar\/?page_id=1986#breadcrumb"},"inLanguage":"es-AR","potentialAction":[{"@type":"ReadAction","target":["https:\/\/fordstaging.dexst.com.ar\/?page_id=1986"]}]},{"@type":"BreadcrumbList","@id":"https:\/\/fordstaging.dexst.com.ar\/?page_id=1986#breadcrumb","itemListElement":[{"@type":"ListItem","position":1,"name":"Inicio","item":"https:\/\/fordstaging.dexst.com.ar\/"},{"@type":"ListItem","position":2,"name":"Ford Pass"}]},{"@type":"WebSite","@id":"https:\/\/fordstaging.dexst.com.ar\/#website","url":"https:\/\/fordstaging.dexst.com.ar\/","name":"Ford Robayna","description":"Concesionario oficial Ford","publisher":{"@id":"https:\/\/fordstaging.dexst.com.ar\/#organization"},"potentialAction":[{"@type":"SearchAction","target":{"@type":"EntryPoint","urlTemplate":"https:\/\/fordstaging.dexst.com.ar\/?s={search_term_string}"},"query-input":{"@type":"PropertyValueSpecification","valueRequired":true,"valueName":"search_term_string"}}],"inLanguage":"es-AR"},{"@type":"Organization","@id":"https:\/\/fordstaging.dexst.com.ar\/#organization","name":"Ford Robayna","url":"https:\/\/fordstaging.dexst.com.ar\/","logo":{"@type":"ImageObject","inLanguage":"es-AR","@id":"https:\/\/fordstaging.dexst.com.ar\/#\/schema\/logo\/image\/","url":"https:\/\/fordstaging.dexst.com.ar\/wp-content\/uploads\/2024\/06\/Sin-titulo-1-Angela-Cortes-4.png","contentUrl":"https:\/\/fordstaging.dexst.com.ar\/wp-content\/uploads\/2024\/06\/Sin-titulo-1-Angela-Cortes-4.png","width":1000,"height":300,"caption":"Ford Robayna"},"image":{"@id":"https:\/\/fordstaging.dexst.com.ar\/#\/schema\/logo\/image\/"},"sameAs":["https:\/\/www.facebook.com\/jclorenzoford\/","https:\/\/www.instagram.com\/jclorenzoford\/"]}]}},"_links":{"self":[{"href":"https:\/\/fordstaging.dexst.com.ar\/index.php?rest_route=\/wp\/v2\/pages\/1986","targetHints":{"allow":["GET"]}}],"collection":[{"href":"https:\/\/fordstaging.dexst.com.ar\/index.php?rest_route=\/wp\/v2\/pages"}],"about":[{"href":"https:\/\/fordstaging.dexst.com.ar\/index.php?rest_route=\/wp\/v2\/types\/page"}],"author":[{"embeddable":true,"href":"https:\/\/fordstaging.dexst.com.ar\/index.php?rest_route=\/wp\/v2\/users\/5"}],"replies":[{"embeddable":true,"href":"https:\/\/fordstaging.dexst.com.ar\/index.php?rest_route=%2Fwp%2Fv2%2Fcomments&post=1986"}],"version-history":[{"count":26,"href":"https:\/\/fordstaging.dexst.com.ar\/index.php?rest_route=\/wp\/v2\/pages\/1986\/revisions"}],"predecessor-version":[{"id":318353,"href":"https:\/\/fordstaging.dexst.com.ar\/index.php?rest_route=\/wp\/v2\/pages\/1986\/revisions\/318353"}],"wp:attachment":[{"href":"https:\/\/fordstaging.dexst.com.ar\/index.php?rest_route=%2Fwp%2Fv2%2Fmedia&parent=1986"}],"curies":[{"name":"wp","href":"https:\/\/api.w.org\/{rel}","templated":true}]}}