{"id":19175,"date":"2024-10-10T14:21:34","date_gmt":"2024-10-10T17:21:34","guid":{"rendered":"https:\/\/fordstaging.dexst.com.ar\/?page_id=19175"},"modified":"2025-06-11T10:16:55","modified_gmt":"2025-06-11T13:16:55","slug":"accesorios","status":"publish","type":"page","link":"https:\/\/fordstaging.dexst.com.ar\/?page_id=19175","title":{"rendered":"Accesorios"},"content":{"rendered":"<h3 style=\"text-align: center;\">Los accesorios Ford te permiten personalizar tu veh\u00edculo con piezas originales especialmente dise\u00f1adas para tu modelo, adem\u00e1s de contar con garant\u00eda de f\u00e1brica y recibirlos en la comodidad de tu casa<\/h3>\n","protected":false},"excerpt":{"rendered":"<p>Los accesorios Ford te permiten personalizar tu veh\u00edculo con piezas originales especialmente dise\u00f1adas para tu modelo, adem\u00e1s de contar con garant\u00eda de f\u00e1brica y recibirlos en la comodidad de tu casa<\/p>\n","protected":false},"author":7,"featured_media":0,"parent":0,"menu_order":0,"comment_status":"closed","ping_status":"closed","template":"template-accesorios-modelo.php","meta":{"_joinchat":[],"footnotes":""},"class_list":["post-19175","page","type-page","status-publish","hentry"],"yoast_head":"<!-- This site is optimized with the Yoast SEO plugin v27.3 - https:\/\/yoast.com\/product\/yoast-seo-wordpress\/ -->\n<title>Accesorios - Ford Robayna<\/title>\n<meta name=\"robots\" content=\"index, follow, max-snippet:-1, max-image-preview:large, max-video-preview:-1\" \/>\n<link rel=\"canonical\" href=\"https:\/\/fordstaging.dexst.com.ar\/?page_id=19175\" \/>\n<meta property=\"og:locale\" content=\"es_ES\" \/>\n<meta property=\"og:type\" content=\"article\" \/>\n<meta property=\"og:title\" content=\"Accesorios - Ford Robayna\" \/>\n<meta property=\"og:description\" content=\"Los accesorios Ford te permiten personalizar tu veh\u00edculo con piezas originales especialmente dise\u00f1adas para tu modelo, adem\u00e1s de contar con garant\u00eda de f\u00e1brica y recibirlos en la comodidad de tu casa\" \/>\n<meta property=\"og:url\" content=\"https:\/\/fordstaging.dexst.com.ar\/?page_id=19175\" \/>\n<meta property=\"og:site_name\" content=\"Ford Robayna\" \/>\n<meta property=\"article:publisher\" content=\"https:\/\/www.facebook.com\/jclorenzoford\/\" \/>\n<meta property=\"article:modified_time\" content=\"2025-06-11T13:16:55+00:00\" \/>\n<meta name=\"twitter:card\" content=\"summary_large_image\" \/>\n<meta name=\"twitter:label1\" content=\"Tiempo de lectura\" \/>\n\t<meta name=\"twitter:data1\" content=\"1 minuto\" \/>\n<script type=\"application\/ld+json\" class=\"yoast-schema-graph\">{\"@context\":\"https:\\\/\\\/schema.org\",\"@graph\":[{\"@type\":\"WebPage\",\"@id\":\"https:\\\/\\\/fordstaging.dexst.com.ar\\\/?page_id=19175\",\"url\":\"https:\\\/\\\/fordstaging.dexst.com.ar\\\/?page_id=19175\",\"name\":\"Accesorios - Ford Robayna\",\"isPartOf\":{\"@id\":\"https:\\\/\\\/fordstaging.dexst.com.ar\\\/#website\"},\"datePublished\":\"2024-10-10T17:21:34+00:00\",\"dateModified\":\"2025-06-11T13:16:55+00:00\",\"breadcrumb\":{\"@id\":\"https:\\\/\\\/fordstaging.dexst.com.ar\\\/?page_id=19175#breadcrumb\"},\"inLanguage\":\"es-AR\",\"potentialAction\":[{\"@type\":\"ReadAction\",\"target\":[\"https:\\\/\\\/fordstaging.dexst.com.ar\\\/?page_id=19175\"]}]},{\"@type\":\"BreadcrumbList\",\"@id\":\"https:\\\/\\\/fordstaging.dexst.com.ar\\\/?page_id=19175#breadcrumb\",\"itemListElement\":[{\"@type\":\"ListItem\",\"position\":1,\"name\":\"Inicio\",\"item\":\"https:\\\/\\\/fordstaging.dexst.com.ar\\\/\"},{\"@type\":\"ListItem\",\"position\":2,\"name\":\"Accesorios\"}]},{\"@type\":\"WebSite\",\"@id\":\"https:\\\/\\\/fordstaging.dexst.com.ar\\\/#website\",\"url\":\"https:\\\/\\\/fordstaging.dexst.com.ar\\\/\",\"name\":\"Ford Robayna\",\"description\":\"Concesionario oficial Ford\",\"publisher\":{\"@id\":\"https:\\\/\\\/fordstaging.dexst.com.ar\\\/#organization\"},\"potentialAction\":[{\"@type\":\"SearchAction\",\"target\":{\"@type\":\"EntryPoint\",\"urlTemplate\":\"https:\\\/\\\/fordstaging.dexst.com.ar\\\/?s={search_term_string}\"},\"query-input\":{\"@type\":\"PropertyValueSpecification\",\"valueRequired\":true,\"valueName\":\"search_term_string\"}}],\"inLanguage\":\"es-AR\"},{\"@type\":\"Organization\",\"@id\":\"https:\\\/\\\/fordstaging.dexst.com.ar\\\/#organization\",\"name\":\"Ford Robayna\",\"url\":\"https:\\\/\\\/fordstaging.dexst.com.ar\\\/\",\"logo\":{\"@type\":\"ImageObject\",\"inLanguage\":\"es-AR\",\"@id\":\"https:\\\/\\\/fordstaging.dexst.com.ar\\\/#\\\/schema\\\/logo\\\/image\\\/\",\"url\":\"https:\\\/\\\/fordstaging.dexst.com.ar\\\/wp-content\\\/uploads\\\/2024\\\/06\\\/Sin-titulo-1-Angela-Cortes-4.png\",\"contentUrl\":\"https:\\\/\\\/fordstaging.dexst.com.ar\\\/wp-content\\\/uploads\\\/2024\\\/06\\\/Sin-titulo-1-Angela-Cortes-4.png\",\"width\":1000,\"height\":300,\"caption\":\"Ford Robayna\"},\"image\":{\"@id\":\"https:\\\/\\\/fordstaging.dexst.com.ar\\\/#\\\/schema\\\/logo\\\/image\\\/\"},\"sameAs\":[\"https:\\\/\\\/www.facebook.com\\\/jclorenzoford\\\/\",\"https:\\\/\\\/www.instagram.com\\\/jclorenzoford\\\/\"]}]}<\/script>\n<!-- \/ Yoast SEO plugin. -->","yoast_head_json":{"title":"Accesorios - Ford Robayna","robots":{"index":"index","follow":"follow","max-snippet":"max-snippet:-1","max-image-preview":"max-image-preview:large","max-video-preview":"max-video-preview:-1"},"canonical":"https:\/\/fordstaging.dexst.com.ar\/?page_id=19175","og_locale":"es_ES","og_type":"article","og_title":"Accesorios - Ford Robayna","og_description":"Los accesorios Ford te permiten personalizar tu veh\u00edculo con piezas originales especialmente dise\u00f1adas para tu modelo, adem\u00e1s de contar con garant\u00eda de f\u00e1brica y recibirlos en la comodidad de tu casa","og_url":"https:\/\/fordstaging.dexst.com.ar\/?page_id=19175","og_site_name":"Ford Robayna","article_publisher":"https:\/\/www.facebook.com\/jclorenzoford\/","article_modified_time":"2025-06-11T13:16:55+00:00","twitter_card":"summary_large_image","twitter_misc":{"Tiempo de lectura":"1 minuto"},"schema":{"@context":"https:\/\/schema.org","@graph":[{"@type":"WebPage","@id":"https:\/\/fordstaging.dexst.com.ar\/?page_id=19175","url":"https:\/\/fordstaging.dexst.com.ar\/?page_id=19175","name":"Accesorios - Ford Robayna","isPartOf":{"@id":"https:\/\/fordstaging.dexst.com.ar\/#website"},"datePublished":"2024-10-10T17:21:34+00:00","dateModified":"2025-06-11T13:16:55+00:00","breadcrumb":{"@id":"https:\/\/fordstaging.dexst.com.ar\/?page_id=19175#breadcrumb"},"inLanguage":"es-AR","potentialAction":[{"@type":"ReadAction","target":["https:\/\/fordstaging.dexst.com.ar\/?page_id=19175"]}]},{"@type":"BreadcrumbList","@id":"https:\/\/fordstaging.dexst.com.ar\/?page_id=19175#breadcrumb","itemListElement":[{"@type":"ListItem","position":1,"name":"Inicio","item":"https:\/\/fordstaging.dexst.com.ar\/"},{"@type":"ListItem","position":2,"name":"Accesorios"}]},{"@type":"WebSite","@id":"https:\/\/fordstaging.dexst.com.ar\/#website","url":"https:\/\/fordstaging.dexst.com.ar\/","name":"Ford Robayna","description":"Concesionario oficial Ford","publisher":{"@id":"https:\/\/fordstaging.dexst.com.ar\/#organization"},"potentialAction":[{"@type":"SearchAction","target":{"@type":"EntryPoint","urlTemplate":"https:\/\/fordstaging.dexst.com.ar\/?s={search_term_string}"},"query-input":{"@type":"PropertyValueSpecification","valueRequired":true,"valueName":"search_term_string"}}],"inLanguage":"es-AR"},{"@type":"Organization","@id":"https:\/\/fordstaging.dexst.com.ar\/#organization","name":"Ford Robayna","url":"https:\/\/fordstaging.dexst.com.ar\/","logo":{"@type":"ImageObject","inLanguage":"es-AR","@id":"https:\/\/fordstaging.dexst.com.ar\/#\/schema\/logo\/image\/","url":"https:\/\/fordstaging.dexst.com.ar\/wp-content\/uploads\/2024\/06\/Sin-titulo-1-Angela-Cortes-4.png","contentUrl":"https:\/\/fordstaging.dexst.com.ar\/wp-content\/uploads\/2024\/06\/Sin-titulo-1-Angela-Cortes-4.png","width":1000,"height":300,"caption":"Ford Robayna"},"image":{"@id":"https:\/\/fordstaging.dexst.com.ar\/#\/schema\/logo\/image\/"},"sameAs":["https:\/\/www.facebook.com\/jclorenzoford\/","https:\/\/www.instagram.com\/jclorenzoford\/"]}]}},"_links":{"self":[{"href":"https:\/\/fordstaging.dexst.com.ar\/index.php?rest_route=\/wp\/v2\/pages\/19175","targetHints":{"allow":["GET"]}}],"collection":[{"href":"https:\/\/fordstaging.dexst.com.ar\/index.php?rest_route=\/wp\/v2\/pages"}],"about":[{"href":"https:\/\/fordstaging.dexst.com.ar\/index.php?rest_route=\/wp\/v2\/types\/page"}],"author":[{"embeddable":true,"href":"https:\/\/fordstaging.dexst.com.ar\/index.php?rest_route=\/wp\/v2\/users\/7"}],"replies":[{"embeddable":true,"href":"https:\/\/fordstaging.dexst.com.ar\/index.php?rest_route=%2Fwp%2Fv2%2Fcomments&post=19175"}],"version-history":[{"count":17,"href":"https:\/\/fordstaging.dexst.com.ar\/index.php?rest_route=\/wp\/v2\/pages\/19175\/revisions"}],"predecessor-version":[{"id":85393,"href":"https:\/\/fordstaging.dexst.com.ar\/index.php?rest_route=\/wp\/v2\/pages\/19175\/revisions\/85393"}],"wp:attachment":[{"href":"https:\/\/fordstaging.dexst.com.ar\/index.php?rest_route=%2Fwp%2Fv2%2Fmedia&parent=19175"}],"curies":[{"name":"wp","href":"https:\/\/api.w.org\/{rel}","templated":true}]}}