{"id":1664,"date":"2020-06-05T14:52:51","date_gmt":"2020-06-05T17:52:51","guid":{"rendered":"https:\/\/fordstaging.dexst.com.ar\/?page_id=1664"},"modified":"2025-08-15T09:26:20","modified_gmt":"2025-08-15T12:26:20","slug":"trabaja-con-nosotros","status":"publish","type":"page","link":"https:\/\/fordstaging.dexst.com.ar\/?page_id=1664","title":{"rendered":"Trabaj\u00e1 con nosotros"},"content":{"rendered":"<style>.wpcf7-form .btn-fpro-azul{background: #00095b !important; padding: 0 14px !important;height: 40px !important;}<\/style>\n<div class=\"container my-5\">\n<div class=\"text-center mb-4\">\n    <img decoding=\"async\" src=\"https:\/\/peugeot.gruporobayna.com.ar\/wp-content\/uploads\/2024\/06\/RRHH-WEB.png\" alt=\"Trabaj\u00e1 con Nosotros\" class=\"img-fluid mb-3\" \/><\/p>\n<h2 class=\"color-primary\">\u00a1Bienvenido a tu nuevo desaf\u00edo!<\/h2>\n<p>\n      Priorizamos valores que te ayudar\u00e1n a alcanzar tus objetivos personales y profesionales. Nuestro crecimiento constante nos posiciona como l\u00edderes en ventas, atenci\u00f3n y servicio, proyect\u00e1ndonos al futuro para continuar alcanzando nuestras metas y superarnos d\u00eda a d\u00eda.\n    <\/p>\n<p>\n      Complet\u00e1 el formulario y nuestro departamento de Capital Humano se pondr\u00e1 en contacto con vos.\n    <\/p>\n<p>\n      Si quer\u00e9s formar parte de nuestro staff, por favor, dejanos tus datos.\n    <\/p>\n<\/p><\/div>\n<h4 class=\"mb-4 color-primary\">B\u00fasquedas <strong>activas<\/strong><\/h4>\n<p>  <!-- ASESORES COMERCIALES --><\/p>\n<div class=\"mb-5\">\n<h4 class=\"mb-3 color-primary\"><strong>Asesores Comerciales<\/strong><\/h4>\n<div class=\"row align-items-center\">\n<div class=\"col-md-6 mb-3 mb-md-0\">\n        <img decoding=\"async\" src=\"https:\/\/peugeot.gruporobayna.com.ar\/wp-content\/uploads\/2022\/07\/img-rrhh-2.jpg\" alt=\"Asesores Comerciales\" class=\"img-fluid rounded\" \/>\n      <\/div>\n<div class=\"col-md-6\">\n<h5 class=\"color-primary\">Valoramos:<\/h5>\n<ul>\n<li>Experiencia en ventas de autos 0 km, usados y plan de ahorro.<\/li>\n<li>Conocimiento de herramientas inform\u00e1ticas e internet.<\/li>\n<li>Manejo de CRM.<\/li>\n<li>Ganas de crecer y generar ingresos en un rubro competitivo.<\/li>\n<\/ul><\/div>\n<\/p><\/div>\n<\/p><\/div>\n<p>  <!-- ADMINISTRATIVOS PLAN DE AHORRO --><\/p>\n<div class=\"mb-5\">\n<h4 class=\"mb-3 color-primary\"><strong>Administrativos para Plan de Ahorro<\/strong><\/h4>\n<div class=\"row align-items-center\">\n<div class=\"col-md-6 mb-3 mb-md-0\">\n        <img decoding=\"async\" src=\"https:\/\/peugeot.gruporobayna.com.ar\/wp-content\/uploads\/2022\/07\/img-rrhh-3.jpg\" alt=\"Administrativos Plan de Ahorro\" class=\"img-fluid rounded\" \/>\n      <\/div>\n<div class=\"col-md-6\">\n<h5 class=\"color-primary\">Buscamos:<\/h5>\n<ul>\n<li>Administrativas\/os para el sector de Licitaciones y Pedidos en Plan de Ahorro.<\/li>\n<li>Marcado perfil comercial.<\/li>\n<\/ul>\n<h5 class=\"color-primary\">Valoramos:<\/h5>\n<ul>\n<li>Experiencia en concesionarios y\/o sectores financieros o de servicios.<\/li>\n<li>Conocimiento de herramientas inform\u00e1ticas e internet.<\/li>\n<li>Ganas de crecer profesionalmente.<\/li>\n<\/ul><\/div>\n<\/p><\/div>\n<\/p><\/div>\n<div class=\"text-center\">\n<h2 class=\"color-primary\">\u00a1S\u00e9 parte de nuestro equipo!<\/h2>\n<div class=\"mt-4\">\n      \n<div class=\"wpcf7 no-js\" id=\"wpcf7-f135230-o1\" lang=\"es-AR\" dir=\"ltr\" data-wpcf7-id=\"135230\">\n<div class=\"screen-reader-response\"><p role=\"status\" aria-live=\"polite\" aria-atomic=\"true\"><\/p> <ul><\/ul><\/div>\n<form action=\"\/index.php?rest_route=%2Fwp%2Fv2%2Fpages%2F1664#wpcf7-f135230-o1\" method=\"post\" class=\"wpcf7-form init\" aria-label=\"Formulario de contacto\" enctype=\"multipart\/form-data\" novalidate=\"novalidate\" data-status=\"init\">\n<fieldset class=\"hidden-fields-container\"><input type=\"hidden\" name=\"_wpcf7\" value=\"135230\" \/><input type=\"hidden\" name=\"_wpcf7_version\" value=\"6.1.5\" \/><input type=\"hidden\" name=\"_wpcf7_locale\" value=\"es_AR\" \/><input type=\"hidden\" name=\"_wpcf7_unit_tag\" value=\"wpcf7-f135230-o1\" \/><input type=\"hidden\" name=\"_wpcf7_container_post\" value=\"0\" \/><input type=\"hidden\" name=\"_wpcf7_posted_data_hash\" value=\"\" \/>\n<\/fieldset>\n<div class=\"wpcf7-turnstile cf-turnstile\" data-sitekey=\"0x4AAAAAACHNN59XryDDitWU\" data-response-field-name=\"_wpcf7_turnstile_response\"><\/div>\n\n<input class=\"wpcf7-form-control wpcf7-hidden\" value=\"\" type=\"hidden\" name=\"suborigen\" \/>\n<input class=\"wpcf7-form-control wpcf7-hidden\" value=\"si\" type=\"hidden\" name=\"send_crm\" \/>\n<input class=\"wpcf7-form-control wpcf7-hidden\" value=\"post_venta\" type=\"hidden\" name=\"motivo\" \/>\n<div class=\"row\">\n\t<div class=\"col-sm-6\">\n\t\t<p><label> <span class=\"wpcf7-form-control-wrap\" data-name=\"nombre\"><input size=\"40\" maxlength=\"400\" class=\"wpcf7-form-control wpcf7-text wpcf7-validates-as-required\" aria-required=\"true\" aria-invalid=\"false\" placeholder=\"Nombre y Apellido\" value=\"\" type=\"text\" name=\"nombre\" \/><\/span> <\/label>\n\t\t<\/p>\n\t<\/div>\n\t<div class=\"col-sm-6\">\n\t\t<p><label> <span class=\"wpcf7-form-control-wrap\" data-name=\"email\"><input size=\"40\" maxlength=\"400\" class=\"wpcf7-form-control wpcf7-email wpcf7-validates-as-required wpcf7-text wpcf7-validates-as-email\" aria-required=\"true\" aria-invalid=\"false\" placeholder=\"EMAIL (*)\" value=\"\" type=\"email\" name=\"email\" \/><\/span> <\/label>\n\t\t<\/p>\n\t<\/div>\n<\/div>\n<div class=\"row\">\n\t<div class=\"col-sm-6\">\n\t\t<p><label> <span class=\"wpcf7-form-control-wrap\" data-name=\"telefono\"><input class=\"wpcf7-form-control wpcf7-number wpcf7-validates-as-required wpcf7-validates-as-number\" aria-required=\"true\" aria-invalid=\"false\" placeholder=\"TEL\u00c9FONO (*)\" value=\"\" type=\"number\" name=\"telefono\" \/><\/span> <\/label>\n\t\t<\/p>\n\t<\/div>\n\t<div class=\"col-sm-6\">\n\t\t<p><label> <span class=\"wpcf7-form-control-wrap\" data-name=\"dni\"><input size=\"40\" maxlength=\"400\" class=\"wpcf7-form-control wpcf7-text\" aria-invalid=\"false\" placeholder=\"DNI\" value=\"\" type=\"text\" name=\"dni\" \/><\/span> <\/label>\n\t\t<\/p>\n\t<\/div>\n<\/div>\n<div class=\"row\">\n\t<div class=\"col-sm-6\">\n\t\t<p><label> <span class=\"wpcf7-form-control-wrap wpcf7-select\" aria-invalid=\"false\" id=\"version\" data-name=\"sucursal\" data-custom-options=\"false\"><select class=\"w-47-important\" name=\"sucursal\" id=\"select_sucursal\" aria-required=\"true\" aria-invalid=\"false\"><option value=\"default\">Sucursal*<\/option><option value=\"Don Torcuato\" data-id-sucursal=\"11453\" data-reason=\"ventas\" data-tecnom-email=\"\" data-salesforce=\"\">Don Torcuato<\/option><option value=\"Don Torcuato\" data-id-sucursal=\"11453\" data-reason=\"plan_de_ahorro\" data-tecnom-email=\"\" data-salesforce=\"\">Don Torcuato<\/option><option value=\"Don Torcuato\" data-id-sucursal=\"11453\" data-reason=\"test_drive\" data-tecnom-email=\"\" data-salesforce=\"\">Don Torcuato<\/option><option value=\"Martinez\" data-id-sucursal=\"11452\" data-reason=\"ventas\" data-tecnom-email=\"\" data-salesforce=\"\">Martinez<\/option><option value=\"Martinez\" data-id-sucursal=\"11452\" data-reason=\"test_drive\" data-tecnom-email=\"\" data-salesforce=\"\">Martinez<\/option><option value=\"Nordelta\" data-id-sucursal=\"11450\" data-reason=\"ventas\" data-tecnom-email=\"\" data-salesforce=\"\">Nordelta<\/option><option value=\"Nordelta\" data-id-sucursal=\"11450\" data-reason=\"test_drive\" data-tecnom-email=\"\" data-salesforce=\"\">Nordelta<\/option><option value=\"Posventa Martinez\" data-id-sucursal=\"18123\" data-reason=\"post_venta\" data-tecnom-email=\"\" data-salesforce=\"\">Posventa Martinez<\/option><option value=\"Posventa Nordelta\" data-id-sucursal=\"18862\" data-reason=\"post_venta\" data-tecnom-email=\"\" data-salesforce=\"\">Posventa Nordelta<\/option><\/select><\/span> <\/label>\n\t\t<\/p>\n\t<\/div>\n\t<div class=\"col-sm-6\">\n\t\t<p><label> <span class=\"wpcf7-form-control-wrap\" data-name=\"nacionalidad\"><input size=\"40\" maxlength=\"400\" class=\"wpcf7-form-control wpcf7-text\" aria-invalid=\"false\" placeholder=\"Nacionalidad\" value=\"\" type=\"text\" name=\"nacionalidad\" \/><\/span> <\/label>\n\t\t<\/p>\n\t<\/div>\n<\/div>\n<div class=\"row\">\n\t<div class=\"col-sm-6\">\n\t\t<p><label> <span class=\"wpcf7-form-control-wrap\" data-name=\"genero\"><select class=\"wpcf7-form-control wpcf7-select wpcf7-validates-as-required\" aria-required=\"true\" aria-invalid=\"false\" name=\"genero\"><option value=\"G\u00e9nero\">G\u00e9nero<\/option><option value=\"Femenino\">Femenino<\/option><option value=\"Masculino\">Masculino<\/option><option value=\"Prefiero no decirlo\">Prefiero no decirlo<\/option><\/select><\/span> <\/label>\n\t\t<\/p>\n\t<\/div>\n\t<div class=\"col-sm-6\">\n\t\t<p><label> <span class=\"wpcf7-form-control-wrap\" data-name=\"civil\"><select class=\"wpcf7-form-control wpcf7-select wpcf7-validates-as-required\" aria-required=\"true\" aria-invalid=\"false\" name=\"civil\"><option value=\"Estado Civil\">Estado Civil<\/option><option value=\"Casado\/a\">Casado\/a<\/option><option value=\"Soltero\/a\">Soltero\/a<\/option><option value=\"En pareja\">En pareja<\/option><\/select><\/span> <\/label>\n\t\t<\/p>\n\t<\/div>\n<\/div>\n<div class=\"row\">\n\t<div class=\"col-sm-12\">\n\t\t<p><label> <span class=\"wpcf7-form-control-wrap\" data-name=\"domicilio\"><input size=\"40\" maxlength=\"400\" class=\"wpcf7-form-control wpcf7-text\" aria-invalid=\"false\" placeholder=\"Domicilio\" value=\"\" type=\"text\" name=\"domicilio\" \/><\/span> <\/label>\n\t\t<\/p>\n\t<\/div>\n\t<div class=\"col-sm-12\">\n\t\t<p><label> <span class=\"wpcf7-form-control-wrap\" data-name=\"provincia\"><input size=\"40\" maxlength=\"400\" class=\"wpcf7-form-control wpcf7-text\" aria-invalid=\"false\" placeholder=\"Provincia\" value=\"\" type=\"text\" name=\"provincia\" \/><\/span> <\/label>\n\t\t<\/p>\n\t<\/div>\n<\/div>\n<div class=\"row\">\n\t<div class=\"col-sm-12\">\n\t\t<p><label> <span class=\"wpcf7-form-control-wrap\" data-name=\"cursos\"><textarea cols=\"40\" rows=\"3\" maxlength=\"2000\" class=\"wpcf7-form-control wpcf7-textarea\" aria-invalid=\"false\" placeholder=\"Cursos realizados\" name=\"cursos\"><\/textarea><\/span> <\/label>\n\t\t<\/p>\n\t<\/div>\n<\/div>\n<div class=\"row\">\n\t<div class=\"col-sm-12\">\n\t\t<p><label> <span class=\"wpcf7-form-control-wrap\" data-name=\"experiencia\"><textarea cols=\"40\" rows=\"3\" maxlength=\"2000\" class=\"wpcf7-form-control wpcf7-textarea\" aria-invalid=\"false\" placeholder=\"Experiencia laborales\" name=\"experiencia\"><\/textarea><\/span> <\/label>\n\t\t<\/p>\n\t<\/div>\n<\/div>\n<div class=\"row\">\n\t<div class=\"col-sm-6\">\n\t\t<p><label> <span class=\"wpcf7-form-control-wrap\" data-name=\"area\"><input size=\"40\" maxlength=\"400\" class=\"wpcf7-form-control wpcf7-text\" aria-invalid=\"false\" placeholder=\"\u00c1rea para la cual se postula\" value=\"\" type=\"text\" name=\"area\" \/><\/span> <\/label>\n\t\t<\/p>\n\t<\/div>\n\t<div class=\"col-sm-6\" style=\"text-align: left !important\">\n\t\t<p class=\"m-0\" style=\"text-align: left !important\">*Carga tu curriculum (PDF o JPG):\n\t\t<\/p>\n\t\t<p><span class=\"wpcf7-form-control-wrap\" data-name=\"curriculum\"><input size=\"40\" class=\"wpcf7-form-control wpcf7-file text-left\" accept=\".pdf,.jpg\" aria-invalid=\"false\" type=\"file\" name=\"curriculum\" \/><\/span>\n\t\t<\/p>\n\t<\/div>\n<\/div>\n<div class=\"col-12 color-primary\">\n\t<p><label style=\"font-size: 11px\">Este sitio est\u00e1 protegido por reCAPTCHA y se aplican la <a href=\"https:\/\/policies.google.com\/privacy\">pol\u00edtica de privacidad<\/a> y <a href=\"https:\/\/policies.google.com\/terms\">t\u00e9rminos del servicio<\/a> de Google.<\/label>\n\t<\/p>\n<\/div>\n<div class=\"row\">\n\t<div style=\"width: 25%; margin: auto;\">\n\t\t<p><label> <input class=\"wpcf7-form-control wpcf7-submit has-spinner btn-blue icon mt-3 btn-fpro-azul\" type=\"submit\" value=\"Enviar\" \/> <\/label>\n\t\t<\/p>\n\t<\/div>\n<\/div><div class=\"wpcf7-response-output\" aria-hidden=\"true\"><\/div>\n<\/form>\n<\/div>\n\n    <\/div>\n<\/p><\/div>\n<\/div>\n","protected":false},"excerpt":{"rendered":"<p>\u00a1Bienvenido a tu nuevo desaf\u00edo! Priorizamos valores que te ayudar\u00e1n a alcanzar tus objetivos personales y profesionales. Nuestro crecimiento constante nos posiciona como l\u00edderes en ventas, atenci\u00f3n y servicio, proyect\u00e1ndonos al futuro para continuar alcanzando nuestras metas y superarnos d\u00eda a d\u00eda. Complet\u00e1 el formulario y nuestro departamento de Capital Humano se pondr\u00e1 en contacto [&hellip;]<\/p>\n","protected":false},"author":4,"featured_media":0,"parent":0,"menu_order":0,"comment_status":"closed","ping_status":"closed","template":"","meta":{"_joinchat":[],"footnotes":""},"class_list":["post-1664","page","type-page","status-publish","hentry"],"yoast_head":"<!-- This site is optimized with the Yoast SEO plugin v27.3 - https:\/\/yoast.com\/product\/yoast-seo-wordpress\/ -->\n<title>Trabaj\u00e1 con nosotros - Ford Robayna<\/title>\n<meta name=\"robots\" content=\"index, follow, max-snippet:-1, max-image-preview:large, max-video-preview:-1\" \/>\n<link rel=\"canonical\" href=\"https:\/\/fordstaging.dexst.com.ar\/?page_id=1664\" \/>\n<meta property=\"og:locale\" content=\"es_ES\" \/>\n<meta property=\"og:type\" content=\"article\" \/>\n<meta property=\"og:title\" content=\"Trabaj\u00e1 con nosotros - Ford Robayna\" \/>\n<meta property=\"og:description\" content=\"\u00a1Bienvenido a tu nuevo desaf\u00edo! Priorizamos valores que te ayudar\u00e1n a alcanzar tus objetivos personales y profesionales. Nuestro crecimiento constante nos posiciona como l\u00edderes en ventas, atenci\u00f3n y servicio, proyect\u00e1ndonos al futuro para continuar alcanzando nuestras metas y superarnos d\u00eda a d\u00eda. Complet\u00e1 el formulario y nuestro departamento de Capital Humano se pondr\u00e1 en contacto [&hellip;]\" \/>\n<meta property=\"og:url\" content=\"https:\/\/fordstaging.dexst.com.ar\/?page_id=1664\" \/>\n<meta property=\"og:site_name\" content=\"Ford Robayna\" \/>\n<meta property=\"article:publisher\" content=\"https:\/\/www.facebook.com\/jclorenzoford\/\" \/>\n<meta property=\"article:modified_time\" content=\"2025-08-15T12:26:20+00:00\" \/>\n<meta property=\"og:image\" content=\"https:\/\/peugeot.gruporobayna.com.ar\/wp-content\/uploads\/2024\/06\/RRHH-WEB.png\" \/>\n<meta name=\"twitter:card\" content=\"summary_large_image\" \/>\n<meta name=\"twitter:label1\" content=\"Tiempo de lectura\" \/>\n\t<meta name=\"twitter:data1\" content=\"2 minutos\" \/>\n<script type=\"application\/ld+json\" class=\"yoast-schema-graph\">{\"@context\":\"https:\\\/\\\/schema.org\",\"@graph\":[{\"@type\":\"WebPage\",\"@id\":\"https:\\\/\\\/fordstaging.dexst.com.ar\\\/?page_id=1664\",\"url\":\"https:\\\/\\\/fordstaging.dexst.com.ar\\\/?page_id=1664\",\"name\":\"Trabaj\u00e1 con nosotros - Ford Robayna\",\"isPartOf\":{\"@id\":\"https:\\\/\\\/fordstaging.dexst.com.ar\\\/#website\"},\"primaryImageOfPage\":{\"@id\":\"https:\\\/\\\/fordstaging.dexst.com.ar\\\/?page_id=1664#primaryimage\"},\"image\":{\"@id\":\"https:\\\/\\\/fordstaging.dexst.com.ar\\\/?page_id=1664#primaryimage\"},\"thumbnailUrl\":\"https:\\\/\\\/peugeot.gruporobayna.com.ar\\\/wp-content\\\/uploads\\\/2024\\\/06\\\/RRHH-WEB.png\",\"datePublished\":\"2020-06-05T17:52:51+00:00\",\"dateModified\":\"2025-08-15T12:26:20+00:00\",\"breadcrumb\":{\"@id\":\"https:\\\/\\\/fordstaging.dexst.com.ar\\\/?page_id=1664#breadcrumb\"},\"inLanguage\":\"es-AR\",\"potentialAction\":[{\"@type\":\"ReadAction\",\"target\":[\"https:\\\/\\\/fordstaging.dexst.com.ar\\\/?page_id=1664\"]}]},{\"@type\":\"ImageObject\",\"inLanguage\":\"es-AR\",\"@id\":\"https:\\\/\\\/fordstaging.dexst.com.ar\\\/?page_id=1664#primaryimage\",\"url\":\"https:\\\/\\\/peugeot.gruporobayna.com.ar\\\/wp-content\\\/uploads\\\/2024\\\/06\\\/RRHH-WEB.png\",\"contentUrl\":\"https:\\\/\\\/peugeot.gruporobayna.com.ar\\\/wp-content\\\/uploads\\\/2024\\\/06\\\/RRHH-WEB.png\"},{\"@type\":\"BreadcrumbList\",\"@id\":\"https:\\\/\\\/fordstaging.dexst.com.ar\\\/?page_id=1664#breadcrumb\",\"itemListElement\":[{\"@type\":\"ListItem\",\"position\":1,\"name\":\"Inicio\",\"item\":\"https:\\\/\\\/fordstaging.dexst.com.ar\\\/\"},{\"@type\":\"ListItem\",\"position\":2,\"name\":\"Trabaj\u00e1 con nosotros\"}]},{\"@type\":\"WebSite\",\"@id\":\"https:\\\/\\\/fordstaging.dexst.com.ar\\\/#website\",\"url\":\"https:\\\/\\\/fordstaging.dexst.com.ar\\\/\",\"name\":\"Ford Robayna\",\"description\":\"Concesionario oficial Ford\",\"publisher\":{\"@id\":\"https:\\\/\\\/fordstaging.dexst.com.ar\\\/#organization\"},\"potentialAction\":[{\"@type\":\"SearchAction\",\"target\":{\"@type\":\"EntryPoint\",\"urlTemplate\":\"https:\\\/\\\/fordstaging.dexst.com.ar\\\/?s={search_term_string}\"},\"query-input\":{\"@type\":\"PropertyValueSpecification\",\"valueRequired\":true,\"valueName\":\"search_term_string\"}}],\"inLanguage\":\"es-AR\"},{\"@type\":\"Organization\",\"@id\":\"https:\\\/\\\/fordstaging.dexst.com.ar\\\/#organization\",\"name\":\"Ford Robayna\",\"url\":\"https:\\\/\\\/fordstaging.dexst.com.ar\\\/\",\"logo\":{\"@type\":\"ImageObject\",\"inLanguage\":\"es-AR\",\"@id\":\"https:\\\/\\\/fordstaging.dexst.com.ar\\\/#\\\/schema\\\/logo\\\/image\\\/\",\"url\":\"https:\\\/\\\/fordstaging.dexst.com.ar\\\/wp-content\\\/uploads\\\/2024\\\/06\\\/Sin-titulo-1-Angela-Cortes-4.png\",\"contentUrl\":\"https:\\\/\\\/fordstaging.dexst.com.ar\\\/wp-content\\\/uploads\\\/2024\\\/06\\\/Sin-titulo-1-Angela-Cortes-4.png\",\"width\":1000,\"height\":300,\"caption\":\"Ford Robayna\"},\"image\":{\"@id\":\"https:\\\/\\\/fordstaging.dexst.com.ar\\\/#\\\/schema\\\/logo\\\/image\\\/\"},\"sameAs\":[\"https:\\\/\\\/www.facebook.com\\\/jclorenzoford\\\/\",\"https:\\\/\\\/www.instagram.com\\\/jclorenzoford\\\/\"]}]}<\/script>\n<!-- \/ Yoast SEO plugin. -->","yoast_head_json":{"title":"Trabaj\u00e1 con nosotros - Ford Robayna","robots":{"index":"index","follow":"follow","max-snippet":"max-snippet:-1","max-image-preview":"max-image-preview:large","max-video-preview":"max-video-preview:-1"},"canonical":"https:\/\/fordstaging.dexst.com.ar\/?page_id=1664","og_locale":"es_ES","og_type":"article","og_title":"Trabaj\u00e1 con nosotros - Ford Robayna","og_description":"\u00a1Bienvenido a tu nuevo desaf\u00edo! Priorizamos valores que te ayudar\u00e1n a alcanzar tus objetivos personales y profesionales. Nuestro crecimiento constante nos posiciona como l\u00edderes en ventas, atenci\u00f3n y servicio, proyect\u00e1ndonos al futuro para continuar alcanzando nuestras metas y superarnos d\u00eda a d\u00eda. Complet\u00e1 el formulario y nuestro departamento de Capital Humano se pondr\u00e1 en contacto [&hellip;]","og_url":"https:\/\/fordstaging.dexst.com.ar\/?page_id=1664","og_site_name":"Ford Robayna","article_publisher":"https:\/\/www.facebook.com\/jclorenzoford\/","article_modified_time":"2025-08-15T12:26:20+00:00","og_image":[{"url":"https:\/\/peugeot.gruporobayna.com.ar\/wp-content\/uploads\/2024\/06\/RRHH-WEB.png","type":"","width":"","height":""}],"twitter_card":"summary_large_image","twitter_misc":{"Tiempo de lectura":"2 minutos"},"schema":{"@context":"https:\/\/schema.org","@graph":[{"@type":"WebPage","@id":"https:\/\/fordstaging.dexst.com.ar\/?page_id=1664","url":"https:\/\/fordstaging.dexst.com.ar\/?page_id=1664","name":"Trabaj\u00e1 con nosotros - Ford Robayna","isPartOf":{"@id":"https:\/\/fordstaging.dexst.com.ar\/#website"},"primaryImageOfPage":{"@id":"https:\/\/fordstaging.dexst.com.ar\/?page_id=1664#primaryimage"},"image":{"@id":"https:\/\/fordstaging.dexst.com.ar\/?page_id=1664#primaryimage"},"thumbnailUrl":"https:\/\/peugeot.gruporobayna.com.ar\/wp-content\/uploads\/2024\/06\/RRHH-WEB.png","datePublished":"2020-06-05T17:52:51+00:00","dateModified":"2025-08-15T12:26:20+00:00","breadcrumb":{"@id":"https:\/\/fordstaging.dexst.com.ar\/?page_id=1664#breadcrumb"},"inLanguage":"es-AR","potentialAction":[{"@type":"ReadAction","target":["https:\/\/fordstaging.dexst.com.ar\/?page_id=1664"]}]},{"@type":"ImageObject","inLanguage":"es-AR","@id":"https:\/\/fordstaging.dexst.com.ar\/?page_id=1664#primaryimage","url":"https:\/\/peugeot.gruporobayna.com.ar\/wp-content\/uploads\/2024\/06\/RRHH-WEB.png","contentUrl":"https:\/\/peugeot.gruporobayna.com.ar\/wp-content\/uploads\/2024\/06\/RRHH-WEB.png"},{"@type":"BreadcrumbList","@id":"https:\/\/fordstaging.dexst.com.ar\/?page_id=1664#breadcrumb","itemListElement":[{"@type":"ListItem","position":1,"name":"Inicio","item":"https:\/\/fordstaging.dexst.com.ar\/"},{"@type":"ListItem","position":2,"name":"Trabaj\u00e1 con nosotros"}]},{"@type":"WebSite","@id":"https:\/\/fordstaging.dexst.com.ar\/#website","url":"https:\/\/fordstaging.dexst.com.ar\/","name":"Ford Robayna","description":"Concesionario oficial Ford","publisher":{"@id":"https:\/\/fordstaging.dexst.com.ar\/#organization"},"potentialAction":[{"@type":"SearchAction","target":{"@type":"EntryPoint","urlTemplate":"https:\/\/fordstaging.dexst.com.ar\/?s={search_term_string}"},"query-input":{"@type":"PropertyValueSpecification","valueRequired":true,"valueName":"search_term_string"}}],"inLanguage":"es-AR"},{"@type":"Organization","@id":"https:\/\/fordstaging.dexst.com.ar\/#organization","name":"Ford Robayna","url":"https:\/\/fordstaging.dexst.com.ar\/","logo":{"@type":"ImageObject","inLanguage":"es-AR","@id":"https:\/\/fordstaging.dexst.com.ar\/#\/schema\/logo\/image\/","url":"https:\/\/fordstaging.dexst.com.ar\/wp-content\/uploads\/2024\/06\/Sin-titulo-1-Angela-Cortes-4.png","contentUrl":"https:\/\/fordstaging.dexst.com.ar\/wp-content\/uploads\/2024\/06\/Sin-titulo-1-Angela-Cortes-4.png","width":1000,"height":300,"caption":"Ford Robayna"},"image":{"@id":"https:\/\/fordstaging.dexst.com.ar\/#\/schema\/logo\/image\/"},"sameAs":["https:\/\/www.facebook.com\/jclorenzoford\/","https:\/\/www.instagram.com\/jclorenzoford\/"]}]}},"_links":{"self":[{"href":"https:\/\/fordstaging.dexst.com.ar\/index.php?rest_route=\/wp\/v2\/pages\/1664","targetHints":{"allow":["GET"]}}],"collection":[{"href":"https:\/\/fordstaging.dexst.com.ar\/index.php?rest_route=\/wp\/v2\/pages"}],"about":[{"href":"https:\/\/fordstaging.dexst.com.ar\/index.php?rest_route=\/wp\/v2\/types\/page"}],"author":[{"embeddable":true,"href":"https:\/\/fordstaging.dexst.com.ar\/index.php?rest_route=\/wp\/v2\/users\/4"}],"replies":[{"embeddable":true,"href":"https:\/\/fordstaging.dexst.com.ar\/index.php?rest_route=%2Fwp%2Fv2%2Fcomments&post=1664"}],"version-history":[{"count":46,"href":"https:\/\/fordstaging.dexst.com.ar\/index.php?rest_route=\/wp\/v2\/pages\/1664\/revisions"}],"predecessor-version":[{"id":149354,"href":"https:\/\/fordstaging.dexst.com.ar\/index.php?rest_route=\/wp\/v2\/pages\/1664\/revisions\/149354"}],"wp:attachment":[{"href":"https:\/\/fordstaging.dexst.com.ar\/index.php?rest_route=%2Fwp%2Fv2%2Fmedia&parent=1664"}],"curies":[{"name":"wp","href":"https:\/\/api.w.org\/{rel}","templated":true}]}}